{"id":24083,"date":"2020-02-21T17:58:35","date_gmt":"2020-02-21T17:58:35","guid":{"rendered":"https:\/\/2019.haztrainer.com\/sobre-nosotros\/"},"modified":"2020-02-21T17:58:37","modified_gmt":"2020-02-21T17:58:37","slug":"sobre-nosotros","status":"publish","type":"page","link":"https:\/\/haztrainer.com\/es\/sobre-nosotros\/","title":{"rendered":"Sobre nosotros"},"content":{"rendered":"<p>[et_pb_section fb_built=\u00bb1&#8243; admin_label=\u00bbPage Title Section\u00bb _builder_version=\u00bb3.24.1&#8243; use_background_color_gradient=\u00bbon\u00bb background_color_gradient_start=\u00bb#0c8edc\u00bb background_color_gradient_end=\u00bb#0359a0&#8243; background_color_gradient_direction=\u00bb100deg\u00bb custom_padding=\u00bb80px||80px|||\u00bb][et_pb_row admin_label=\u00bbPage Title Area\u00bb _builder_version=\u00bb3.25&#8243;][et_pb_column type=\u00bb4_4&#8243; _builder_version=\u00bb3.25&#8243; custom_padding=\u00bb|||\u00bb custom_padding__hover=\u00bb|||\u00bb][et_pb_text admin_label=\u00bbTitle\u00bb _builder_version=\u00bb3.27.4&#8243; text_font=\u00bbPoppins||||||||\u00bb text_font_size=\u00bb18px\u00bb text_line_height=\u00bb1.8em\u00bb header_font=\u00bbPoppins|600|||||||\u00bb header_font_size=\u00bb48px\u00bb header_line_height=\u00bb1.4em\u00bb header_2_font=\u00bb||||||||\u00bb text_orientation=\u00bbcenter\u00bb background_layout=\u00bbdark\u00bb max_width=\u00bb700px\u00bb module_alignment=\u00bbcenter\u00bb custom_margin=\u00bb|||\u00bb animation_style=\u00bbfade\u00bb]<\/p>\n<h1>Acerca de nosotros<\/h1>\n<p>Aprenda acerca de la compa\u00f1\u00eda, nuestro equipo y su instructor.[\/et_pb_text][\/et_pb_column][\/et_pb_row][\/et_pb_section][et_pb_section fb_built=\u00bb1&#8243; admin_label=\u00bbAbout Us Section\u00bb _builder_version=\u00bb3.22.3&#8243; background_size=\u00bbinitial\u00bb background_position=\u00bbbottom_left\u00bb custom_padding=\u00bb90px||90px|\u00bb][et_pb_row admin_label=\u00bbTitle Area\u00bb _builder_version=\u00bb3.25&#8243;][et_pb_column type=\u00bb4_4&#8243; _builder_version=\u00bb3.25&#8243; custom_padding=\u00bb|||\u00bb custom_padding__hover=\u00bb|||\u00bb][et_pb_text admin_label=\u00bbTitle\u00bb _builder_version=\u00bb3.27.4&#8243; text_font=\u00bbPoppins||||||||\u00bb text_font_size=\u00bb16px\u00bb text_line_height=\u00bb1.8em\u00bb header_font=\u00bb||||||||\u00bb header_2_font=\u00bbPoppins|600|||||||\u00bb header_2_text_align=\u00bbcenter\u00bb header_2_font_size=\u00bb36px\u00bb header_2_line_height=\u00bb1.4em\u00bb header_3_font=\u00bb||||||||\u00bb header_3_font_size=\u00bb30px\u00bb text_orientation=\u00bbcenter\u00bb max_width=\u00bb550px\u00bb module_alignment=\u00bbcenter\u00bb custom_margin=\u00bb||10px|\u00bb animation_style=\u00bbslide\u00bb animation_direction=\u00bbtop\u00bb animation_intensity_slide=\u00bb10%\u00bb animation_starting_opacity=\u00bb100%\u00bb]<\/p>\n<h3>Nuestro entrenamiento ambiental certificado<\/h3>\n<p>[\/et_pb_text][et_pb_image src=\u00bbhttp:\/\/haztrainer.com\/wp-content\/uploads\/2015\/06\/image0151-1.jpg\u00bb align=\u00bbcenter\u00bb _builder_version=\u00bb3.24.1&#8243; custom_margin=\u00bb30px||\u00bb][\/et_pb_image][\/et_pb_column][\/et_pb_row][et_pb_row admin_label=\u00bbAbout Us Area\u00bb _builder_version=\u00bb3.25&#8243; column_structure=\u00bb1_2,1_2&#8243;][et_pb_column type=\u00bb1_2&#8243; _builder_version=\u00bb3.25&#8243; custom_padding=\u00bb|||\u00bb custom_padding__hover=\u00bb|||\u00bb][et_pb_text _builder_version=\u00bb3.27.4&#8243; text_font=\u00bbPoppins||||||||\u00bb text_font_size=\u00bb16px\u00bb text_line_height=\u00bb1.8em\u00bb]<\/p>\n<section id = \"builder-section-1435945552383\">\n<div id = \"builder-section-1435945552383-column-1\">\n<div>\n<div>\n<p>Eldwin \u00abEd\u00bb Kennedy, nuestro instructor certificado en asbesto y plomo, comenz\u00f3 a consultar sobre temas de materiales peligrosos en 1982 mientras trabajaba para el Distrito Escolar Unificado de Los \u00c1ngeles. Ha ense\u00f1ado regulaciones de eliminaci\u00f3n de asbesto en vivo y clases de liderazgo a lo largo de los a\u00f1os. Su experiencia personal en el campo y su interacci\u00f3n de primera mano con las regulaciones de OSHA y EPA trae inter\u00e9s en la vida real a esta capacitaci\u00f3n. Su visi\u00f3n de una capacitaci\u00f3n en l\u00ednea de calidad hace que los alumnos se involucren  en sus clases de capacitaci\u00f3n tanto como si estuvieran en una capacitaci\u00f3n en vivo, esto le ha llevado al desarrollo del sitio web de HazTrainer y al galardonado Entrenamiento de Concientizaci\u00f3n sobre el Asbesto \u00abHazCom Made Easy\u00bb \u2122 y Comunicaci\u00f3n de Riesgo de Plomo.<\/p>\n<\/div>\n<\/div>\n<\/div>\n<\/section>\n<p>[\/et_pb_text][\/et_pb_column][et_pb_column type=\u00bb1_2&#8243; _builder_version=\u00bb3.25&#8243; custom_padding=\u00bb|||\u00bb custom_padding__hover=\u00bb|||\u00bb][et_pb_text _builder_version=\u00bb3.27.4&#8243; text_font=\u00bbPoppins||||||||\u00bb text_font_size=\u00bb16px\u00bb text_line_height=\u00bb1.8em\u00bb]La capacitaci\u00f3n en l\u00ednea sobre materiales peligrosos ahorra tiempo y dinero, al tiempo que cumple con los requisitos anuales de capacitaci\u00f3n de OSHA \/ EPA. HazCom Made Easy \u2122 es una alternativa popular a la capacitaci\u00f3n ambiental en vivo. \u00a1Con miles de capacitaciones completadas, los alumnos han tenido una abrumadora respuesta positiva del 95% a los cursos! Se env\u00eda un certificado de finalizaci\u00f3n imprimible tan pronto como terminan estas clases de capacitaci\u00f3n electr\u00f3nica sobre asbesto y plomo.[\/et_pb_text][\/et_pb_column][\/et_pb_row][\/et_pb_section][et_pb_section fb_built=\u00bb1&#8243; admin_label=\u00bbMember Section\u00bb _builder_version=\u00bb3.22.3&#8243; background_position=\u00bbtop_center\u00bb custom_padding=\u00bb0px||90px|||\u00bb][et_pb_row admin_label=\u00bbTitle Area\u00bb _builder_version=\u00bb3.25&#8243; background_size=\u00bbinitial\u00bb background_position=\u00bbcenter_left\u00bb custom_padding=\u00bb||0px|||\u00bb][et_pb_column type=\u00bb4_4&#8243; _builder_version=\u00bb3.25&#8243; custom_padding=\u00bb|||\u00bb custom_padding__hover=\u00bb|||\u00bb][et_pb_text admin_label=\u00bbTitle\u00bb _builder_version=\u00bb3.27.4&#8243; text_font=\u00bbPoppins||||||||\u00bb text_font_size=\u00bb16px\u00bb text_line_height=\u00bb1.8em\u00bb header_font=\u00bb||||||||\u00bb header_2_font=\u00bbPoppins|600|||||||\u00bb header_2_text_align=\u00bbcenter\u00bb header_2_font_size=\u00bb36px\u00bb header_2_line_height=\u00bb1.4em\u00bb text_orientation=\u00bbcenter\u00bb max_width=\u00bb550px\u00bb module_alignment=\u00bbcenter\u00bb custom_margin=\u00bb||10px|\u00bb animation_style=\u00bbslide\u00bb animation_direction=\u00bbtop\u00bb animation_intensity_slide=\u00bb10%\u00bb animation_starting_opacity=\u00bb100%\u00bb locked=\u00bboff\u00bb]<\/p>\n<h2>Nuestro equipo<\/h2>\n<p>&nbsp;[\/et_pb_text][\/et_pb_column][\/et_pb_row][et_pb_row admin_label=\u00bbMembers\u00bb _builder_version=\u00bb3.25&#8243; width=\u00bb41%\u00bb column_structure=\u00bb1_2,1_2&#8243;][et_pb_column type=\u00bb1_2&#8243; _builder_version=\u00bb3.25&#8243; custom_padding=\u00bb|||\u00bb custom_padding__hover=\u00bb|||\u00bb][et_pb_team_member name=\u00bbEldwin (Ed)\u00bb position=\u00bbFundador y CEO\u00bb image_url=\u00bbhttp:\/\/haztrainer.com\/wp-content\/uploads\/2019\/07\/37731733_10214091751626300_4847369359498149888_n.jpg\u00bb _builder_version=\u00bb3.24.1&#8243; header_font=\u00bbPoppins|600|||||||\u00bb header_font_size=\u00bb22px\u00bb header_line_height=\u00bb1.4em\u00bb body_font=\u00bbPoppins||||||||\u00bb body_font_size=\u00bb16px\u00bb body_line_height=\u00bb1.8em\u00bb][\/et_pb_team_member][\/et_pb_column][et_pb_column type=\u00bb1_2&#8243; _builder_version=\u00bb3.25&#8243; custom_padding=\u00bb|||\u00bb custom_padding__hover=\u00bb|||\u00bb][et_pb_team_member name=\u00bbJan \u00bb position=\u00bbCo-fundadora y administrativa\u00bb image_url=\u00bbhttp:\/\/haztrainer.com\/wp-content\/uploads\/2019\/07\/65791718_10216486087483200_6573991296761856000_n.jpg\u00bb _builder_version=\u00bb3.24.1&#8243; header_font=\u00bbPoppins|600|||||||\u00bb header_font_size=\u00bb22px\u00bb header_line_height=\u00bb1.4em\u00bb body_font=\u00bbPoppins||||||||\u00bb body_font_size=\u00bb16px\u00bb body_line_height=\u00bb1.8em\u00bb][\/et_pb_team_member][\/et_pb_column][\/et_pb_row][et_pb_row admin_label=\u00bbMembers\u00bb _builder_version=\u00bb3.25&#8243; column_structure=\u00bb1_3,1_3,1_3&#8243;][et_pb_column type=\u00bb1_3&#8243; _builder_version=\u00bb3.25&#8243; custom_padding=\u00bb|||\u00bb custom_padding__hover=\u00bb|||\u00bb][et_pb_team_member name=\u00bbCesar\u00bb position=\u00bbEditor en Jefe\u00bb image_url=\u00bbhttp:\/\/haztrainer.com\/wp-content\/uploads\/2019\/07\/44123839_2149094851767386_633445042651922432_n.jpg\u00bb _builder_version=\u00bb3.24.1&#8243; header_font=\u00bbPoppins|600|||||||\u00bb header_font_size=\u00bb22px\u00bb header_line_height=\u00bb1.4em\u00bb body_font=\u00bbPoppins||||||||\u00bb body_font_size=\u00bb16px\u00bb body_line_height=\u00bb1.8em\u00bb][\/et_pb_team_member][\/et_pb_column][et_pb_column type=\u00bb1_3&#8243; _builder_version=\u00bb3.25&#8243; custom_padding=\u00bb|||\u00bb custom_padding__hover=\u00bb|||\u00bb][et_pb_team_member name=\u00bbChristophe\u00bb position=\u00bbDesarrolladora Web\u00bb image_url=\u00bbhttp:\/\/haztrainer.com\/wp-content\/uploads\/2020\/02\/placeholder.png\u00bb _builder_version=\u00bb4.0.6&#8243; header_font=\u00bbPoppins|600|||||||\u00bb header_font_size=\u00bb22px\u00bb header_line_height=\u00bb1.4em\u00bb body_font=\u00bbPoppins||||||||\u00bb body_font_size=\u00bb16px\u00bb body_line_height=\u00bb1.8em\u00bb hover_enabled=\u00bb0&#8243;][\/et_pb_team_member][\/et_pb_column][et_pb_column type=\u00bb1_3&#8243; _builder_version=\u00bb3.25&#8243; custom_padding=\u00bb|||\u00bb custom_padding__hover=\u00bb|||\u00bb][et_pb_team_member name=\u00bbJosia\u00bb position=\u00bbTecnolog\u00eda, Web y IT \u00bb image_url=\u00bbhttp:\/\/haztrainer.com\/wp-content\/uploads\/2019\/07\/12088551_10206055185113492_3981845965869072395_n.jpg\u00bb _builder_version=\u00bb3.24.1&#8243; header_font=\u00bbPoppins|600|||||||\u00bb header_font_size=\u00bb22px\u00bb header_line_height=\u00bb1.4em\u00bb body_font=\u00bbPoppins||||||||\u00bb body_font_size=\u00bb16px\u00bb body_line_height=\u00bb1.8em\u00bb][\/et_pb_team_member][\/et_pb_column][\/et_pb_row][\/et_pb_section]<\/p>\n","protected":false},"excerpt":{"rendered":"<p>[et_pb_section fb_built=\u00bb1&#8243; admin_label=\u00bbPage Title Section\u00bb _builder_version=\u00bb3.24.1&#8243; use_background_color_gradient=\u00bbon\u00bb background_color_gradient_start=\u00bb#0c8edc\u00bb background_color_gradient_end=\u00bb#0359a0&#8243; background_color_gradient_direction=\u00bb100deg\u00bb custom_padding=\u00bb80px||80px|||\u00bb][et_pb_row admin_label=\u00bbPage Title Area\u00bb _builder_version=\u00bb3.25&#8243;][et_pb_column type=\u00bb4_4&#8243; _builder_version=\u00bb3.25&#8243; custom_padding=\u00bb|||\u00bb custom_padding__hover=\u00bb|||\u00bb][et_pb_text admin_label=\u00bbTitle\u00bb _builder_version=\u00bb3.27.4&#8243; text_font=\u00bbPoppins||||||||\u00bb text_font_size=\u00bb18px\u00bb text_line_height=\u00bb1.8em\u00bb header_font=\u00bbPoppins|600|||||||\u00bb header_font_size=\u00bb48px\u00bb header_line_height=\u00bb1.4em\u00bb header_2_font=\u00bb||||||||\u00bb text_orientation=\u00bbcenter\u00bb background_layout=\u00bbdark\u00bb max_width=\u00bb700px\u00bb module_alignment=\u00bbcenter\u00bb custom_margin=\u00bb|||\u00bb animation_style=\u00bbfade\u00bb] Acerca de nosotros Aprenda acerca de la compa\u00f1\u00eda, nuestro equipo y su instructor.[\/et_pb_text][\/et_pb_column][\/et_pb_row][\/et_pb_section][et_pb_section fb_built=\u00bb1&#8243; admin_label=\u00bbAbout Us Section\u00bb _builder_version=\u00bb3.22.3&#8243; background_size=\u00bbinitial\u00bb background_position=\u00bbbottom_left\u00bb custom_padding=\u00bb90px||90px|\u00bb][et_pb_row [&hellip;]<\/p>\n","protected":false},"author":1,"featured_media":0,"parent":0,"menu_order":0,"comment_status":"closed","ping_status":"closed","template":"","meta":{"_et_pb_use_builder":"on","_et_pb_old_content":"\t\t\t\t\r\n<section id=\"builder-section-1435947596181\" class=\"builder-section  builder-section-first builder-section-banner builder-section-next-text\" style=\"\">\r\n\t\t<div class=\"builder-section-content\">\r\n\t\t\t\t<div class=\"builder-banner-slide content-position-none\" style=\"background-color:#047dcf;\">\r\n\t\t\t<div class=\"builder-banner-content\">\r\n\t\t\t\t<div class=\"builder-banner-inner-content\">\r\n\t\t\t\t\t<h2 style=\"text-align: center;\">About Us<\/h2>\r\n\t\t\t\t<\/div>\r\n\t\t\t<\/div>\r\n\t\t\t\t\t<\/div>\r\n\t\t\t\t\t\t\t<\/div>\r\n\t<\/section>\r\n\r\n<section id=\"builder-section-1435945552383\" class=\"builder-section builder-section-prev-banner builder-section-text builder-section-last builder-text-columns-1\" style=\"\">\r\n\t\t<div class=\"builder-section-content\">\r\n\t\t\t\t<div class=\"builder-text-column builder-text-column-1\" id=\"builder-section-1435945552383-column-1\">\r\n\t\t\t\t\t\t\t\t\t<figure class=\"builder-text-image\">\r\n\t\t\t\t<img width=\"1024\" height=\"218\" src=\"http:\/\/haztrainer.com\/wp-content\/uploads\/2015\/07\/training-session-1-1024x218.jpg\" class=\"attachment-large\" alt=\"training-session\" \/>\t\t\t<\/figure>\r\n\t\t\t\t\t\t\t\t\t\t\t\t<div class=\"builder-text-content\">\r\n\t\t\t\t<h1>Our Certified Environmental Training<\/h1>\r\n<div class=\"entry\">\r\n<p>Eldwin \u201cEd\u201d Kennedy, our Certified Asbestos and Lead Trainer, began consulting on\u00a0hazardous materials issues\u00a0in 1982 while working for Los Angeles Unified School District. He has taught live asbestos removal regulations and lead classes over the years.\u00a0His personal experience in the field and first hand interaction with OSHA and EPA regulations brings\u00a0real life interest to this training. \u00a0His vision for quality on-line training which engages trainees as much as his live training classes, has led to the development of the HazTrainer website and award winning \u201cHazCom Made Easy\u201d\u2122 Asbestos Awareness Training and Lead Hazard Communication.<\/p>\r\n<p>On-Line Hazmat training saves time and money, while meeting annual OSHA\/EPA training requirements. HazCom Made Easy\u2122 is a popular alternative to live environmental\u00a0training. \u00a0With thousands of trainings completed, trainees have\u00a0had an overwhelming <strong>95% positive response<\/strong> to courses!\u00a0 A printable certificate of completion is sent as soon as\u00a0 these asbestos and lead e-training classes are finished.<\/p>\r\n<\/div>\r\n\t\t\t<\/div>\r\n\t\t\t\t\t<\/div>\r\n\t\t\t<\/div>\r\n\t<\/section>\r\n\t\t","_et_gb_content_width":"","footnotes":""},"class_list":["post-24083","page","type-page","status-publish","hentry"],"_links":{"self":[{"href":"https:\/\/haztrainer.com\/es\/wp-json\/wp\/v2\/pages\/24083","targetHints":{"allow":["GET"]}}],"collection":[{"href":"https:\/\/haztrainer.com\/es\/wp-json\/wp\/v2\/pages"}],"about":[{"href":"https:\/\/haztrainer.com\/es\/wp-json\/wp\/v2\/types\/page"}],"author":[{"embeddable":true,"href":"https:\/\/haztrainer.com\/es\/wp-json\/wp\/v2\/users\/1"}],"replies":[{"embeddable":true,"href":"https:\/\/haztrainer.com\/es\/wp-json\/wp\/v2\/comments?post=24083"}],"version-history":[{"count":0,"href":"https:\/\/haztrainer.com\/es\/wp-json\/wp\/v2\/pages\/24083\/revisions"}],"wp:attachment":[{"href":"https:\/\/haztrainer.com\/es\/wp-json\/wp\/v2\/media?parent=24083"}],"curies":[{"name":"wp","href":"https:\/\/api.w.org\/{rel}","templated":true}]}}