{"id":21705,"date":"2019-06-18T18:18:55","date_gmt":"2019-12-27T19:24:06","guid":{"rendered":"https:\/\/2019.haztrainer.com\/product\/2-horas-de-formacion-en-linea-de-concientizacion-sobre-el-plomo-en-espanol\/"},"modified":"2020-02-21T20:07:12","modified_gmt":"2020-02-21T20:07:12","slug":"2-horas-de-formacion-en-linea-de-concientizacion-sobre-el-plomo-en-espanol","status":"publish","type":"product","link":"https:\/\/haztrainer.com\/es\/producto\/2-horas-de-formacion-en-linea-de-concientizacion-sobre-el-plomo-en-espanol\/","title":{"rendered":"2 horas de formaci\u00f3n en l\u00ednea de Concientizaci\u00f3n sobre el Plomo En Espa\u00f1ol"},"content":{"rendered":"<p>[et_pb_section fb_built=\u00bb1&#8243; fullwidth=\u00bbon\u00bb _builder_version=\u00bb3.22.3&#8243; background_color=\u00bb#2ea3f2&#8243; use_background_color_gradient=\u00bbon\u00bb background_color_gradient_start=\u00bb#2ea3f2&#8243; background_color_gradient_end=\u00bb#2e6df4&#8243; background_color_gradient_direction=\u00bb330deg\u00bb][et_pb_fullwidth_header title=\u00bb2 horas de formaci\u00f3n en l\u00ednea de Concientizaci\u00f3n sobre el Plomo En Espa\u00f1ol\u00bb subhead=\u00bbUn HazCom Made Easy Formaci\u00f3n\u00bb content_max_width=\u00bbnone\u00bb _builder_version=\u00bb3.24.1&#8243; background_color=\u00bbrgba(255, 255, 255, 0)\u00bb button_one_text_size__hover_enabled=\u00bboff\u00bb button_two_text_size__hover_enabled=\u00bboff\u00bb button_one_text_color__hover_enabled=\u00bboff\u00bb button_two_text_color__hover_enabled=\u00bboff\u00bb button_one_border_width__hover_enabled=\u00bboff\u00bb button_two_border_width__hover_enabled=\u00bboff\u00bb button_one_border_color__hover_enabled=\u00bboff\u00bb button_two_border_color__hover_enabled=\u00bboff\u00bb button_one_border_radius__hover_enabled=\u00bboff\u00bb button_two_border_radius__hover_enabled=\u00bboff\u00bb button_one_letter_spacing__hover_enabled=\u00bboff\u00bb button_two_letter_spacing__hover_enabled=\u00bboff\u00bb button_one_bg_color__hover_enabled=\u00bboff\u00bb button_two_bg_color__hover_enabled=\u00bboff\u00bb][\/et_pb_fullwidth_header][\/et_pb_section][et_pb_section fb_built=\u00bb1&#8243; _builder_version=\u00bb3.24.1&#8243; custom_padding=\u00bb||0px|||\u00bb][et_pb_row column_structure=\u00bb1_4,3_4&#8243; _builder_version=\u00bb3.25&#8243;][et_pb_column type=\u00bb1_4&#8243; _builder_version=\u00bb3.25&#8243; custom_padding=\u00bb|||\u00bb custom_padding__hover=\u00bb|||\u00bb][et_pb_image src=\u00bbhttp:\/\/haztrainer.com\/wp-content\/uploads\/2019\/08\/lead-training.jpg\u00bb _builder_version=\u00bb3.24.1&#8243;][\/et_pb_image][\/et_pb_column][et_pb_column type=\u00bb3_4&#8243; _builder_version=\u00bb3.25&#8243; custom_padding=\u00bb|||\u00bb custom_padding__hover=\u00bb|||\u00bb][et_pb_text _builder_version=\u00bb3.27.4&#8243;]Estados Unidos, Reino Unido e Internacional:<br \/>\nEntrenamiento B\u00e1sico de Concientizaci\u00f3n del Plomo<\/p>\n<p>-Requiere para todos los trabajadores que encuentran plomo en el lugar de trabajo<br \/>\n-Cubre los temas requeridos por el est\u00e1ndar de comunicaci\u00f3n de riesgos<br \/>\n-En l\u00ednea 24\/7. Al comenzar talvez usted tenga que parar pero podr\u00e1 regresar antes de 2 semanas<br \/>\n-Certificado imprimible al finalizar<\/p>\n<p>Esta capacitaci\u00f3n incluye los siguientes t\u00f3picos requeridos por OSHA:<\/p>\n<ul>\n<li>Fuentes de plomo, apariciones y usos<\/li>\n<li>Peligros de exposici\u00f3n al plomo<\/li>\n<li>Factores que afectan la exposici\u00f3n al plomo en nuestro entorno<\/li>\n<li>Opciones para la prevenci\u00f3n de las exposiciones al plomo<\/li>\n<\/ul>\n<p>El nombre de usuario(s) y la(s) contrase\u00f1a(s) se le enviar\u00e1n por correo electr\u00f3nico poco despu\u00e9s de registrarse.<\/p>\n<p>Llame al 661-822-8762 para obtener ayuda. Esta capacitaci\u00f3n requiere tener flash instalado y puede no funcionar en una tableta.<\/p>\n<p>Cada d\u00e9cimo entrenamiento ser\u00e1 totalmente GRATIS!<\/p>\n<p>Llame para incentivos corporativos adicionales.[\/et_pb_text][\/et_pb_column][\/et_pb_row][\/et_pb_section][et_pb_section fb_built=\u00bb1&#8243; _builder_version=\u00bb3.24.1&#8243; custom_padding=\u00bb0px||17px|||\u00bb global_module=\u00bb2508&#8243; saved_tabs=\u00bball\u00bb][et_pb_row column_structure=\u00bb3_4,1_4&#8243; _builder_version=\u00bb3.25&#8243;][et_pb_column type=\u00bb3_4&#8243; _builder_version=\u00bb3.25&#8243; custom_padding=\u00bb|||\u00bb custom_padding__hover=\u00bb|||\u00bb][et_pb_text _builder_version=\u00bb3.27.4&#8243; text_font=\u00bb||||||||\u00bb header_font=\u00bb||||||||\u00bb header_3_font=\u00bb||||||||\u00bb header_3_text_align=\u00bbright\u00bb custom_padding=\u00bb20px||\u00bb]<\/p>\n<h3>\u00a1Cumple ahora!<\/h3>\n<p>[\/et_pb_text][\/et_pb_column][et_pb_column type=\u00bb1_4&#8243; _builder_version=\u00bb3.25&#8243; custom_padding=\u00bb|||\u00bb custom_padding__hover=\u00bb|||\u00bb][et_pb_button button_text=\u00bbReg\u00edstrate\u00bb button_alignment=\u00bbright\u00bb _builder_version=\u00bb3.24.1&#8243; custom_button=\u00bbon\u00bb button_text_color=\u00bb#ffffff\u00bb button_bg_color=\u00bb#43a51c\u00bb button_border_radius=\u00bb6px\u00bb button_font=\u00bb||||||||\u00bb button_icon=\u00bb%%32%%\u00bb button_on_hover=\u00bboff\u00bb animation_style=\u00bbslide\u00bb animation_direction=\u00bbright\u00bb animation_duration_tablet=\u00bb\u00bb animation_duration_phone=\u00bb\u00bb animation_duration_last_edited=\u00bbon|desktop\u00bb custom_css_main_element=\u00bbwidth:100%; text-align:center;\u00bb][\/et_pb_button][\/et_pb_column][\/et_pb_row][\/et_pb_section][et_pb_section fb_built=\u00bb1&#8243; _builder_version=\u00bb3.22.3&#8243; background_color=\u00bb#f7f7f7&#8243;][et_pb_row _builder_version=\u00bb3.25&#8243; background_size=\u00bbinitial\u00bb background_position=\u00bbtop_left\u00bb background_repeat=\u00bbrepeat\u00bb][et_pb_column type=\u00bb4_4&#8243; _builder_version=\u00bb3.25&#8243; custom_padding=\u00bb|||\u00bb custom_padding__hover=\u00bb|||\u00bb][et_pb_text _builder_version=\u00bb3.27.4&#8243; background_size=\u00bbinitial\u00bb background_position=\u00bbtop_left\u00bb background_repeat=\u00bbrepeat\u00bb text_orientation=\u00bbcenter\u00bb module_alignment=\u00bbcenter\u00bb]<\/p>\n<h3>Requerido anualmente por OSHA y AHERA para nuevos empleados<\/h3>\n<p><abbr title=\"Administraci\u00f3n de Seguridad y Salud Ocupacional\"> OSHA <\/abbr> y AHERA requieren que todos los trabajadores que realicen actividades de mantenimiento y custodia tomen una Capacitaci\u00f3n de Conciencia de Asbestos de 2 horas<\/p>\n<p>&nbsp;[\/et_pb_text][et_pb_pricing_tables header_background_color=\u00bb#0359a0&#8243; admin_label=\u00bbPricing Table\u00bb _builder_version=\u00bb3.29.1&#8243; price_text_color=\u00bb#0359a0&#8243; header_font=\u00bb||||||||\u00bb price_font=\u00bb||||||||\u00bb custom_button=\u00bbon\u00bb button_text_color=\u00bb#ffffff\u00bb button_bg_color=\u00bb#43a51c\u00bb button_font=\u00bb||||||||\u00bb link_option_url=\u00bb\/signup\/\u00bb global_module=\u00bb2510&#8243; saved_tabs=\u00bball\u00bb button_text_size__hover_enabled=\u00bboff\u00bb button_one_text_size__hover_enabled=\u00bboff\u00bb button_two_text_size__hover_enabled=\u00bboff\u00bb button_text_color__hover_enabled=\u00bboff\u00bb button_one_text_color__hover_enabled=\u00bboff\u00bb button_two_text_color__hover_enabled=\u00bboff\u00bb button_border_width__hover_enabled=\u00bboff\u00bb button_one_border_width__hover_enabled=\u00bboff\u00bb button_two_border_width__hover_enabled=\u00bboff\u00bb button_border_color__hover_enabled=\u00bboff\u00bb button_one_border_color__hover_enabled=\u00bboff\u00bb button_two_border_color__hover_enabled=\u00bboff\u00bb button_border_radius__hover_enabled=\u00bboff\u00bb button_one_border_radius__hover_enabled=\u00bboff\u00bb button_two_border_radius__hover_enabled=\u00bboff\u00bb button_letter_spacing__hover_enabled=\u00bboff\u00bb button_one_letter_spacing__hover_enabled=\u00bboff\u00bb button_two_letter_spacing__hover_enabled=\u00bboff\u00bb button_bg_color__hover_enabled=\u00bboff\u00bb button_one_bg_color__hover_enabled=\u00bboff\u00bb button_two_bg_color__hover_enabled=\u00bboff\u00bb][et_pb_pricing_table title=\u00bbRegistro \u00fanico\u00bb subtitle=\u00bbpor entrenamiento\u00bb currency=\u00bb$\u00bb per=\u00bbformaci\u00f3n\u00bb sum=\u00bb50&#8243; button_url=\u00bb\/?page_id=963&#8243; _builder_version=\u00bb3.24.1&#8243; button_text_size__hover_enabled=\u00bboff\u00bb button_one_text_size__hover_enabled=\u00bboff\u00bb button_two_text_size__hover_enabled=\u00bboff\u00bb button_text_color__hover_enabled=\u00bboff\u00bb button_one_text_color__hover_enabled=\u00bboff\u00bb button_two_text_color__hover_enabled=\u00bboff\u00bb button_border_width__hover_enabled=\u00bboff\u00bb button_one_border_width__hover_enabled=\u00bboff\u00bb button_two_border_width__hover_enabled=\u00bboff\u00bb button_border_color__hover_enabled=\u00bboff\u00bb button_one_border_color__hover_enabled=\u00bboff\u00bb button_two_border_color__hover_enabled=\u00bboff\u00bb button_border_radius__hover_enabled=\u00bboff\u00bb button_one_border_radius__hover_enabled=\u00bboff\u00bb button_two_border_radius__hover_enabled=\u00bboff\u00bb button_letter_spacing__hover_enabled=\u00bboff\u00bb button_one_letter_spacing__hover_enabled=\u00bboff\u00bb button_two_letter_spacing__hover_enabled=\u00bboff\u00bb button_bg_color__hover_enabled=\u00bboff\u00bb button_one_bg_color__hover_enabled=\u00bboff\u00bb button_two_bg_color__hover_enabled=\u00bboff\u00bb]+ stop &amp; amp; reanudar<br \/>\n+ en cualquier lugar en l\u00ednea<br \/>\n+ premio mayor de la rueda de la fortuna<br \/>\n+ certificado una vez completado[\/et_pb_pricing_table][et_pb_pricing_table title=\u00bbEspecial grupal\u00bb subtitle=\u00bbpara 10 o m\u00e1s entrenamientos\u00bb currency=\u00bb$\u00bb per=\u00bbformaci\u00f3n\u00bb sum=\u00bb45&#8243; button_url=\u00bb\/?page_id=963&#8243; _builder_version=\u00bb3.29.1&#8243; button_text_size__hover_enabled=\u00bboff\u00bb button_one_text_size__hover_enabled=\u00bboff\u00bb button_two_text_size__hover_enabled=\u00bboff\u00bb button_text_color__hover_enabled=\u00bboff\u00bb button_one_text_color__hover_enabled=\u00bboff\u00bb button_two_text_color__hover_enabled=\u00bboff\u00bb button_border_width__hover_enabled=\u00bboff\u00bb button_one_border_width__hover_enabled=\u00bboff\u00bb button_two_border_width__hover_enabled=\u00bboff\u00bb button_border_color__hover_enabled=\u00bboff\u00bb button_one_border_color__hover_enabled=\u00bboff\u00bb button_two_border_color__hover_enabled=\u00bboff\u00bb button_border_radius__hover_enabled=\u00bboff\u00bb button_one_border_radius__hover_enabled=\u00bboff\u00bb button_two_border_radius__hover_enabled=\u00bboff\u00bb button_letter_spacing__hover_enabled=\u00bboff\u00bb button_one_letter_spacing__hover_enabled=\u00bboff\u00bb button_two_letter_spacing__hover_enabled=\u00bboff\u00bb button_bg_color__hover_enabled=\u00bboff\u00bb button_one_bg_color__hover_enabled=\u00bboff\u00bb button_two_bg_color__hover_enabled=\u00bboff\u00bb]+ stop &amp; amp; reanudar<br \/>\n+ en cualquier lugar en l\u00ednea<br \/>\n+ premio mayor de la rueda de la fortuna<br \/>\n+ certificado una vez completado[\/et_pb_pricing_table][\/et_pb_pricing_tables][\/et_pb_column][\/et_pb_row][\/et_pb_section][et_pb_section fb_built=\u00bb1&#8243; _builder_version=\u00bb3.24.1&#8243; custom_padding=\u00bb0px||17px|||\u00bb global_module=\u00bb2508&#8243;][et_pb_row column_structure=\u00bb3_4,1_4&#8243; _builder_version=\u00bb3.25&#8243;][et_pb_column type=\u00bb3_4&#8243; _builder_version=\u00bb3.25&#8243; custom_padding=\u00bb|||\u00bb custom_padding__hover=\u00bb|||\u00bb][et_pb_text _builder_version=\u00bb3.27.4&#8243; text_font=\u00bb||||||||\u00bb header_font=\u00bb||||||||\u00bb header_3_font=\u00bb||||||||\u00bb header_3_text_align=\u00bbright\u00bb custom_padding=\u00bb20px||\u00bb]<\/p>\n<h3>\u00a1Cumple ahora!<\/h3>\n<p>[\/et_pb_text][\/et_pb_column][et_pb_column type=\u00bb1_4&#8243; _builder_version=\u00bb3.25&#8243; custom_padding=\u00bb|||\u00bb custom_padding__hover=\u00bb|||\u00bb][et_pb_button button_text=\u00bbReg\u00edstrate\u00bb button_alignment=\u00bbright\u00bb _builder_version=\u00bb3.24.1&#8243; custom_button=\u00bbon\u00bb button_text_color=\u00bb#ffffff\u00bb button_bg_color=\u00bb#43a51c\u00bb button_border_radius=\u00bb6px\u00bb button_font=\u00bb||||||||\u00bb button_icon=\u00bb%%32%%\u00bb button_on_hover=\u00bboff\u00bb animation_style=\u00bbslide\u00bb animation_direction=\u00bbright\u00bb animation_duration_tablet=\u00bb\u00bb animation_duration_phone=\u00bb\u00bb animation_duration_last_edited=\u00bbon|desktop\u00bb custom_css_main_element=\u00bbwidth:100%; text-align:center;\u00bb][\/et_pb_button][\/et_pb_column][\/et_pb_row][\/et_pb_section][et_pb_section fb_built=\u00bb1&#8243; _builder_version=\u00bb3.22.3&#8243;][et_pb_row _builder_version=\u00bb3.25&#8243; background_size=\u00bbinitial\u00bb background_position=\u00bbtop_left\u00bb background_repeat=\u00bbrepeat\u00bb][et_pb_column type=\u00bb4_4&#8243; _builder_version=\u00bb3.25&#8243; custom_padding=\u00bb|||\u00bb custom_padding__hover=\u00bb|||\u00bb][et_pb_text _builder_version=\u00bb3.27.4&#8243; background_size=\u00bbinitial\u00bb background_position=\u00bbtop_left\u00bb background_repeat=\u00bbrepeat\u00bb text_orientation=\u00bbcenter\u00bb module_alignment=\u00bbcenter\u00bb]<\/p>\n<h1>Lo que dicen nuestros clientes<\/h1>\n<p>\u00a1No se lo quite, deje que nuestros clientes hablen!<br \/>\n[\/et_pb_text][\/et_pb_column][\/et_pb_row][et_pb_row column_structure=\u00bb1_3,1_3,1_3&#8243; _builder_version=\u00bb3.25&#8243; background_size=\u00bbinitial\u00bb background_position=\u00bbtop_left\u00bb background_repeat=\u00bbrepeat\u00bb][et_pb_column type=\u00bb1_3&#8243; _builder_version=\u00bb3.25&#8243; custom_padding=\u00bb|||\u00bb custom_padding__hover=\u00bb|||\u00bb][et_pb_testimonial author=\u00bbRichard W., Director of M&amp;amp;O Elmonte School District\u00bb portrait_url=\u00bbhttp:\/\/haztrainer.com\/wp-content\/uploads\/2019\/06\/icons8-administrator-male-64.png\u00bb quote_icon=\u00bboff\u00bb _builder_version=\u00bb3.24.1&#8243; background_color=\u00bb#f7f7f7&#8243; background_size=\u00bbinitial\u00bb background_position=\u00bbtop_left\u00bb background_repeat=\u00bbrepeat\u00bb]<big> Los alumnos se pegaron a la pantalla durante todo el curso <\/big>[\/et_pb_testimonial][\/et_pb_column][et_pb_column type=\u00bb1_3&#8243; _builder_version=\u00bb3.25&#8243; custom_padding=\u00bb|||\u00bb custom_padding__hover=\u00bb|||\u00bb][et_pb_testimonial author=\u00bbGuy C., custodian, Sacramento City College\u00bb portrait_url=\u00bbhttp:\/\/haztrainer.com\/wp-content\/uploads\/2019\/06\/icons8-user-64.png\u00bb quote_icon=\u00bboff\u00bb _builder_version=\u00bb3.24.1&#8243; background_color=\u00bb#f7f7f7&#8243; background_size=\u00bbinitial\u00bb background_position=\u00bbtop_left\u00bb background_repeat=\u00bbrepeat\u00bb]<big> He pasado por OSHA y el entrenamiento de moldes y esto fue fant\u00e1stico <\/big>[\/et_pb_testimonial][\/et_pb_column][et_pb_column type=\u00bb1_3&#8243; _builder_version=\u00bb3.25&#8243; custom_padding=\u00bb|||\u00bb custom_padding__hover=\u00bb|||\u00bb][et_pb_testimonial author=\u00bbCustodial Supervisor, Michael C., Sacramento City College\u00bb portrait_url=\u00bbhttp:\/\/haztrainer.com\/wp-content\/uploads\/2019\/06\/icons8-administrator-male-64.png\u00bb quote_icon=\u00bboff\u00bb _builder_version=\u00bb3.24.1&#8243; background_color=\u00bb#f7f7f7&#8243; background_size=\u00bbinitial\u00bb background_position=\u00bbtop_left\u00bb background_repeat=\u00bbrepeat\u00bb]<big> I am very Impressed with the system <\/big>[\/et_pb_testimonial][\/et_pb_column][\/et_pb_row][\/et_pb_section][et_pb_section fb_built=\u00bb1&#8243; _builder_version=\u00bb3.22.3&#8243; background_color=\u00bb#f7f7f7&#8243;][et_pb_row column_structure=\u00bb1_6,1_6,1_6,1_6,1_6,1_6&#8243; _builder_version=\u00bb3.25&#8243;][et_pb_column type=\u00bb1_6&#8243; _builder_version=\u00bb3.25&#8243; custom_padding=\u00bb|||\u00bb custom_padding__hover=\u00bb|||\u00bb][et_pb_image src=\u00bbhttp:\/\/haztrainer.com\/wp-content\/uploads\/2019\/06\/url.jpg\u00bb _builder_version=\u00bb3.24.1&#8243;][\/et_pb_image][\/et_pb_column][et_pb_column type=\u00bb1_6&#8243; _builder_version=\u00bb3.25&#8243; custom_padding=\u00bb|||\u00bb custom_padding__hover=\u00bb|||\u00bb][et_pb_image src=\u00bbhttp:\/\/haztrainer.com\/wp-content\/uploads\/2019\/06\/logo_ucla.jpg\u00bb _builder_version=\u00bb3.24.1&#8243;][\/et_pb_image][\/et_pb_column][et_pb_column type=\u00bb1_6&#8243; _builder_version=\u00bb3.25&#8243; custom_padding=\u00bb|||\u00bb custom_padding__hover=\u00bb|||\u00bb][et_pb_image src=\u00bbhttp:\/\/haztrainer.com\/wp-content\/uploads\/2019\/06\/omi-logo-n.png\u00bb _builder_version=\u00bb3.24.1&#8243;][\/et_pb_image][\/et_pb_column][et_pb_column type=\u00bb1_6&#8243; _builder_version=\u00bb3.25&#8243; custom_padding=\u00bb|||\u00bb custom_padding__hover=\u00bb|||\u00bb][et_pb_image src=\u00bbhttp:\/\/haztrainer.com\/wp-content\/uploads\/2019\/06\/imgres.png\u00bb _builder_version=\u00bb3.24.1&#8243;][\/et_pb_image][\/et_pb_column][et_pb_column type=\u00bb1_6&#8243; _builder_version=\u00bb3.25&#8243; custom_padding=\u00bb|||\u00bb custom_padding__hover=\u00bb|||\u00bb][et_pb_image src=\u00bbhttp:\/\/haztrainer.com\/wp-content\/uploads\/2019\/06\/Alaska-DOT.jpg\u00bb _builder_version=\u00bb3.24.1&#8243;][\/et_pb_image][\/et_pb_column][et_pb_column type=\u00bb1_6&#8243; _builder_version=\u00bb3.25&#8243; custom_padding=\u00bb|||\u00bb custom_padding__hover=\u00bb|||\u00bb][et_pb_image src=\u00bbhttp:\/\/haztrainer.com\/wp-content\/uploads\/2019\/06\/Navy-Logo.jpg\u00bb _builder_version=\u00bb3.24.1&#8243;][\/et_pb_image][\/et_pb_column][\/et_pb_row][\/et_pb_section][et_pb_section fb_built=\u00bb1&#8243; inner_shadow=\u00bbon\u00bb _builder_version=\u00bb3.24.1&#8243; background_color=\u00bb#2ea3f2&#8243; use_background_color_gradient=\u00bbon\u00bb background_color_gradient_start=\u00bb#0359a0&#8243; background_color_gradient_end=\u00bb#2e6df4&#8243; background_color_gradient_direction=\u00bb330deg\u00bb custom_margin=\u00bb||-27px\u00bb link_option_url=\u00bb\/contact-us\/\u00bb][et_pb_row _builder_version=\u00bb3.25&#8243; background_size=\u00bbinitial\u00bb background_position=\u00bbtop_left\u00bb background_repeat=\u00bbrepeat\u00bb][et_pb_column type=\u00bb4_4&#8243; _builder_version=\u00bb3.25&#8243; custom_padding=\u00bb|||\u00bb custom_padding__hover=\u00bb|||\u00bb][et_pb_cta title=\u00bb\u00bfA\u00fan tienes preguntas?\u00bb button_url=\u00bb\/contact\/\u00bb button_text=\u00bbPonerse en contacto\u00bb _builder_version=\u00bb3.24.1&#8243; use_background_color=\u00bboff\u00bb background_size=\u00bbinitial\u00bb background_position=\u00bbtop_left\u00bb background_repeat=\u00bbrepeat\u00bb button_text_size__hover_enabled=\u00bboff\u00bb button_one_text_size__hover_enabled=\u00bboff\u00bb button_two_text_size__hover_enabled=\u00bboff\u00bb button_text_color__hover_enabled=\u00bboff\u00bb button_one_text_color__hover_enabled=\u00bboff\u00bb button_two_text_color__hover_enabled=\u00bboff\u00bb button_border_width__hover_enabled=\u00bboff\u00bb button_one_border_width__hover_enabled=\u00bboff\u00bb button_two_border_width__hover_enabled=\u00bboff\u00bb button_border_color__hover_enabled=\u00bboff\u00bb button_one_border_color__hover_enabled=\u00bboff\u00bb button_two_border_color__hover_enabled=\u00bboff\u00bb button_border_radius__hover_enabled=\u00bboff\u00bb button_one_border_radius__hover_enabled=\u00bboff\u00bb button_two_border_radius__hover_enabled=\u00bboff\u00bb button_letter_spacing__hover_enabled=\u00bboff\u00bb button_one_letter_spacing__hover_enabled=\u00bboff\u00bb button_two_letter_spacing__hover_enabled=\u00bboff\u00bb button_bg_color__hover_enabled=\u00bboff\u00bb button_one_bg_color__hover_enabled=\u00bboff\u00bb button_two_bg_color__hover_enabled=\u00bboff\u00bb]If we didn&#8217;t answer all of your questions, feel free to drop us a line anytime.[\/et_pb_cta][\/et_pb_column][\/et_pb_row][\/et_pb_section]<\/p>\n","protected":false},"excerpt":{"rendered":"<p>Estados Unidos, Reino Unido e Internacional: Entrenamiento B\u00e1sico de Concientizaci\u00f3n del Plomo -Requiere para todos los trabajadores que encuentran plomo en el lugar de trabajo -Cubre los temas requeridos por el est\u00e1ndar de comunicaci\u00f3n de riesgos -En l\u00ednea 24\/7. Al comenzar talvez usted tenga que parar pero podr\u00e1 regresar antes de 2 semanas -Certificado imprimible [&hellip;]<\/p>\n","protected":false},"featured_media":1935,"comment_status":"open","ping_status":"closed","template":"","meta":{"_et_pb_use_builder":"on","_et_pb_old_content":"Estados Unidos, Reino Unido e Internacional:Entrenamiento B\u00e1sico de Concientizaci\u00f3n del Plomo-Requiere para todos los trabajadores que encuentran plomo en el lugar de trabajo-Cubre los temas requeridos por el est\u00e1ndar de comunicaci\u00f3n de riesgos-En l\u00ednea 24\/7. Al comenzar talvez usted tenga que parar pero podr\u00e1 regresar antes de 2 semanas-Certificado imprimible al finalizarEsta capacitaci\u00f3n incluye los siguientes t\u00f3picos requeridos por OSHA:<ul> \t<li>Fuentes de plomo, apariciones y usos<\/li> \t<li>Peligros de exposici\u00f3n al plomo<\/li> \t<li>Factores que afectan la exposici\u00f3n al plomo en nuestro entorno<\/li> \t<li>Opciones para la prevenci\u00f3n de las exposiciones al plomo<\/li><\/ul>El nombre de usuario(s) y la(s) contrase\u00f1a(s) se le enviar\u00e1n por correo electr\u00f3nico poco despu\u00e9s de registrarse.Llame al 661-822-8762 para obtener ayuda. Esta capacitaci\u00f3n requiere tener flash instalado y puede no funcionar en una tableta.Cada d\u00e9cimo entrenamiento ser\u00e1 totalmente GRATIS!Llame para incentivos corporativos adicionales.","_et_gb_content_width":""},"product_brand":[],"product_cat":[61],"product_tag":[],"class_list":{"0":"post-21705","1":"product","2":"type-product","3":"status-publish","4":"has-post-thumbnail","6":"product_cat-2-hour-lead-awareness-training-es","8":"first","9":"instock","10":"purchasable","11":"product-type-simple"},"_links":{"self":[{"href":"https:\/\/haztrainer.com\/es\/wp-json\/wp\/v2\/product\/21705","targetHints":{"allow":["GET"]}}],"collection":[{"href":"https:\/\/haztrainer.com\/es\/wp-json\/wp\/v2\/product"}],"about":[{"href":"https:\/\/haztrainer.com\/es\/wp-json\/wp\/v2\/types\/product"}],"replies":[{"embeddable":true,"href":"https:\/\/haztrainer.com\/es\/wp-json\/wp\/v2\/comments?post=21705"}],"wp:featuredmedia":[{"embeddable":true,"href":"https:\/\/haztrainer.com\/es\/wp-json\/wp\/v2\/media\/1935"}],"wp:attachment":[{"href":"https:\/\/haztrainer.com\/es\/wp-json\/wp\/v2\/media?parent=21705"}],"wp:term":[{"taxonomy":"product_brand","embeddable":true,"href":"https:\/\/haztrainer.com\/es\/wp-json\/wp\/v2\/product_brand?post=21705"},{"taxonomy":"product_cat","embeddable":true,"href":"https:\/\/haztrainer.com\/es\/wp-json\/wp\/v2\/product_cat?post=21705"},{"taxonomy":"product_tag","embeddable":true,"href":"https:\/\/haztrainer.com\/es\/wp-json\/wp\/v2\/product_tag?post=21705"}],"curies":[{"name":"wp","href":"https:\/\/api.w.org\/{rel}","templated":true}]}}