{"id":24114,"date":"2019-06-18T18:18:09","date_gmt":"2019-06-18T18:18:09","guid":{"rendered":"https:\/\/2019.haztrainer.com\/product\/capacitacion-anual-de-2-horas-sobre-la-concientizacion-acerca-del-asbesto-en-espanol-2\/"},"modified":"2020-02-21T20:07:48","modified_gmt":"2020-02-21T20:07:48","slug":"capacitacion-anual-de-2-horas-sobre-la-concientizacion-acerca-del-asbesto-en-espanol-2","status":"publish","type":"product","link":"https:\/\/haztrainer.com\/es\/producto\/capacitacion-anual-de-2-horas-sobre-la-concientizacion-acerca-del-asbesto-en-espanol-2\/","title":{"rendered":"Capacitaci\u00f3n anual de 2 horas sobre la concientizaci\u00f3n acerca del asbesto en espa\u00f1ol"},"content":{"rendered":"<p>[et_pb_section fb_built=\u00bb1&#8243; fullwidth=\u00bbon\u00bb _builder_version=\u00bb3.22.3&#8243; background_color=\u00bb#2ea3f2&#8243; use_background_color_gradient=\u00bbon\u00bb background_color_gradient_start=\u00bb#2ea3f2&#8243; background_color_gradient_end=\u00bb#2e6df4&#8243; background_color_gradient_direction=\u00bb330deg\u00bb][et_pb_fullwidth_header title=\u00bbCapacitaci\u00f3n anual de 2 horas sobre la concientizaci\u00f3n acerca del asbesto en espa\u00f1ol\u00bb subhead=\u00bbUn HazCom Made Easy Formaci\u00f3n\u00bb content_max_width=\u00bbnone\u00bb _builder_version=\u00bb3.24.1&#8243; background_color=\u00bbrgba(255, 255, 255, 0)\u00bb button_one_text_size__hover_enabled=\u00bboff\u00bb button_two_text_size__hover_enabled=\u00bboff\u00bb button_one_text_color__hover_enabled=\u00bboff\u00bb button_two_text_color__hover_enabled=\u00bboff\u00bb button_one_border_width__hover_enabled=\u00bboff\u00bb button_two_border_width__hover_enabled=\u00bboff\u00bb button_one_border_color__hover_enabled=\u00bboff\u00bb button_two_border_color__hover_enabled=\u00bboff\u00bb button_one_border_radius__hover_enabled=\u00bboff\u00bb button_two_border_radius__hover_enabled=\u00bboff\u00bb button_one_letter_spacing__hover_enabled=\u00bboff\u00bb button_two_letter_spacing__hover_enabled=\u00bboff\u00bb button_one_bg_color__hover_enabled=\u00bboff\u00bb button_two_bg_color__hover_enabled=\u00bboff\u00bb][\/et_pb_fullwidth_header][\/et_pb_section][et_pb_section fb_built=\u00bb1&#8243; _builder_version=\u00bb3.24.1&#8243; custom_padding=\u00bb||0px|||\u00bb][et_pb_row _builder_version=\u00bb3.25&#8243; column_structure=\u00bb1_4,3_4&#8243;][et_pb_column type=\u00bb1_4&#8243; _builder_version=\u00bb3.25&#8243; custom_padding=\u00bb|||\u00bb custom_padding__hover=\u00bb|||\u00bb][et_pb_image src=\u00bbhttp:\/\/haztrainer.com\/wp-content\/uploads\/2019\/06\/asbestos-training-in-spanish1.jpg\u00bb _builder_version=\u00bb4.0.6&#8243; hover_enabled=\u00bb0&#8243;][\/et_pb_image][\/et_pb_column][et_pb_column type=\u00bb3_4&#8243; _builder_version=\u00bb3.25&#8243; custom_padding=\u00bb|||\u00bb custom_padding__hover=\u00bb|||\u00bb][et_pb_text _builder_version=\u00bb4.0.6&#8243; hover_enabled=\u00bb0&#8243;]Se debe proporcionar capacitaci\u00f3n anual de\u00a0<strong>Capacitaci\u00f3n anual de 2 horas sobre la concientizaci\u00f3n acerca del asbesto\u00a0en espa\u00f1ol<\/strong>\u00a0a los empleados de clase IV seg\u00fan los requisitos de OSHA 1926.1101 (K). Estos empleados pueden entrar en contacto con el asbesto (ACM o PACM), o limpiar las habitaciones despu\u00e9s de un proyecto de reducci\u00f3n, pero no est\u00e1n capacitados para disminuir el asbesto.<\/p>\n<p>Si usted o sus trabajadores no tienen la intenci\u00f3n de eliminar materiales que contienen asbesto, pero trabajan en edificios donde hay asbesto presente, usted y \/ o sus empleados necesitar\u00e1n esta capacitaci\u00f3n de sensibilizaci\u00f3n para aprender a identificar y evitar riesgos. Nuestro Entrenamiento de Concientizaci\u00f3n del Asbesto debe incluir los siguientes temas:<\/p>\n<ul id=\"ttfmake-1445729732\" class=\"ttfmake-list\" data-icon-color=\"#399614\">\n<li>Fuentes, formas y usos del asbesto<\/li>\n<li>Efectos de la exposici\u00f3n a la salud<\/li>\n<li>Reglamento del asbesto<\/li>\n<li>Condiciones y preocupaciones<\/li>\n<li>Manejo y Prevenci\u00f3n de Exposici\u00f3n<\/li>\n<\/ul>\n<p>Ed Kennedy es un Consultor Certificado de Asbesto, CAC 03-1249, que brinda instrucci\u00f3n y consultor\u00eda sobre materiales peligrosos desde 1982. Este curso en l\u00ednea de Concientizaci\u00f3n sobre el Asbesto, cubre todos los requisitos establecidos por OSHA y AHERA de una manera interesante que incluye experiencias personales y an\u00e9cdotas .<\/p>\n<p>La capacitaci\u00f3n cuenta con una serie de videoclips con notas escritas de relleno en blanco, cada una seguida de una opci\u00f3n de selecci\u00f3n de respuestas que mantiene al alumno completamente comprometido. Los puntos acumulados permiten al alumno al finalizar el curso girar la rueda de la fortuna para tener la oportunidad de ganar una tarjeta de regalo en efectivo.Nuestro formato en l\u00ednea permite el acceso 24\/7, y para detener y reanudar la capacitaci\u00f3n en cualquier momento.<\/p>\n<p>El alumno tambi\u00e9n puede interrogar al instructor mientras realiza la capacitaci\u00f3n para aclarar los puntos cubiertos o solicitar m\u00e1s informaci\u00f3n.<\/p>\n<p>Al finalizar el curso, se env\u00eda un certificado por correo electr\u00f3nico al contacto administrativo principal listo para imprimirse en cualquier papel que desee, o adjuntar y enviar como PDF a otro destinatario de correo electr\u00f3nico. Esta capacitaci\u00f3n es realmente \u00abHazCom Made Easy\u00bb \u2122<br \/>\n[\/et_pb_text][\/et_pb_column][\/et_pb_row][\/et_pb_section][et_pb_section fb_built=\u00bb1&#8243; _builder_version=\u00bb3.24.1&#8243; custom_padding=\u00bb0px||17px|||\u00bb global_module=\u00bb2508&#8243;][et_pb_row column_structure=\u00bb3_4,1_4&#8243; _builder_version=\u00bb3.25&#8243;][et_pb_column type=\u00bb3_4&#8243; _builder_version=\u00bb3.25&#8243; custom_padding=\u00bb|||\u00bb custom_padding__hover=\u00bb|||\u00bb][et_pb_text _builder_version=\u00bb3.27.4&#8243; text_font=\u00bb||||||||\u00bb header_font=\u00bb||||||||\u00bb header_3_font=\u00bb||||||||\u00bb header_3_text_align=\u00bbright\u00bb custom_padding=\u00bb20px||\u00bb]<\/p>\n<h3>\u00a1Cumple ahora!<\/h3>\n<p>[\/et_pb_text][\/et_pb_column][et_pb_column type=\u00bb1_4&#8243; _builder_version=\u00bb3.25&#8243; custom_padding=\u00bb|||\u00bb custom_padding__hover=\u00bb|||\u00bb][et_pb_button button_text=\u00bbReg\u00edstrate\u00bb button_alignment=\u00bbright\u00bb _builder_version=\u00bb3.24.1&#8243; custom_button=\u00bbon\u00bb button_text_color=\u00bb#ffffff\u00bb button_bg_color=\u00bb#43a51c\u00bb button_border_radius=\u00bb6px\u00bb button_font=\u00bb||||||||\u00bb button_icon=\u00bb%%32%%\u00bb button_on_hover=\u00bboff\u00bb animation_style=\u00bbslide\u00bb animation_direction=\u00bbright\u00bb animation_duration_tablet=\u00bb\u00bb animation_duration_phone=\u00bb\u00bb animation_duration_last_edited=\u00bbon|desktop\u00bb custom_css_main_element=\u00bbwidth:100%; text-align:center;\u00bb][\/et_pb_button][\/et_pb_column][\/et_pb_row][\/et_pb_section][et_pb_section fb_built=\u00bb1&#8243; _builder_version=\u00bb3.22.3&#8243; background_color=\u00bb#f7f7f7&#8243;][et_pb_row _builder_version=\u00bb3.25&#8243; background_size=\u00bbinitial\u00bb background_position=\u00bbtop_left\u00bb background_repeat=\u00bbrepeat\u00bb][et_pb_column type=\u00bb4_4&#8243; _builder_version=\u00bb3.25&#8243; custom_padding=\u00bb|||\u00bb custom_padding__hover=\u00bb|||\u00bb][et_pb_text _builder_version=\u00bb3.27.4&#8243; background_size=\u00bbinitial\u00bb background_position=\u00bbtop_left\u00bb background_repeat=\u00bbrepeat\u00bb text_orientation=\u00bbcenter\u00bb module_alignment=\u00bbcenter\u00bb]<\/p>\n<h3>Requerido anualmente por OSHA y AHERA para nuevos empleados<\/h3>\n<p><abbr title=\"Administraci\u00f3n de Seguridad y Salud Ocupacional\">OSHA\u00a0<\/abbr>y AHERA requieren que todos los trabajadores que realicen actividades de mantenimiento y custodia tomen una Capacitaci\u00f3n de Conciencia de Asbestos de 2 horas[\/et_pb_text][et_pb_pricing_tables header_background_color=\u00bb#0359a0&#8243; admin_label=\u00bbPricing Table\u00bb _builder_version=\u00bb3.29.1&#8243; price_text_color=\u00bb#0359a0&#8243; header_font=\u00bb||||||||\u00bb price_font=\u00bb||||||||\u00bb custom_button=\u00bbon\u00bb button_text_color=\u00bb#ffffff\u00bb button_bg_color=\u00bb#43a51c\u00bb button_font=\u00bb||||||||\u00bb link_option_url=\u00bb\/signup\/\u00bb global_module=\u00bb2510&#8243; saved_tabs=\u00bball\u00bb button_text_size__hover_enabled=\u00bboff\u00bb button_one_text_size__hover_enabled=\u00bboff\u00bb button_two_text_size__hover_enabled=\u00bboff\u00bb button_text_color__hover_enabled=\u00bboff\u00bb button_one_text_color__hover_enabled=\u00bboff\u00bb button_two_text_color__hover_enabled=\u00bboff\u00bb button_border_width__hover_enabled=\u00bboff\u00bb button_one_border_width__hover_enabled=\u00bboff\u00bb button_two_border_width__hover_enabled=\u00bboff\u00bb button_border_color__hover_enabled=\u00bboff\u00bb button_one_border_color__hover_enabled=\u00bboff\u00bb button_two_border_color__hover_enabled=\u00bboff\u00bb button_border_radius__hover_enabled=\u00bboff\u00bb button_one_border_radius__hover_enabled=\u00bboff\u00bb button_two_border_radius__hover_enabled=\u00bboff\u00bb button_letter_spacing__hover_enabled=\u00bboff\u00bb button_one_letter_spacing__hover_enabled=\u00bboff\u00bb button_two_letter_spacing__hover_enabled=\u00bboff\u00bb button_bg_color__hover_enabled=\u00bboff\u00bb button_one_bg_color__hover_enabled=\u00bboff\u00bb button_two_bg_color__hover_enabled=\u00bboff\u00bb][et_pb_pricing_table title=\u00bbRegistro \u00fanico\u00bb subtitle=\u00bbpor entrenamiento\u00bb currency=\u00bb$\u00bb per=\u00bbformaci\u00f3n\u00bb sum=\u00bb50&#8243; button_url=\u00bb\/?page_id=2554&#8243; _builder_version=\u00bb3.24.1&#8243; button_text_size__hover_enabled=\u00bboff\u00bb button_one_text_size__hover_enabled=\u00bboff\u00bb button_two_text_size__hover_enabled=\u00bboff\u00bb button_text_color__hover_enabled=\u00bboff\u00bb button_one_text_color__hover_enabled=\u00bboff\u00bb button_two_text_color__hover_enabled=\u00bboff\u00bb button_border_width__hover_enabled=\u00bboff\u00bb button_one_border_width__hover_enabled=\u00bboff\u00bb button_two_border_width__hover_enabled=\u00bboff\u00bb button_border_color__hover_enabled=\u00bboff\u00bb button_one_border_color__hover_enabled=\u00bboff\u00bb button_two_border_color__hover_enabled=\u00bboff\u00bb button_border_radius__hover_enabled=\u00bboff\u00bb button_one_border_radius__hover_enabled=\u00bboff\u00bb button_two_border_radius__hover_enabled=\u00bboff\u00bb button_letter_spacing__hover_enabled=\u00bboff\u00bb button_one_letter_spacing__hover_enabled=\u00bboff\u00bb button_two_letter_spacing__hover_enabled=\u00bboff\u00bb button_bg_color__hover_enabled=\u00bboff\u00bb button_one_bg_color__hover_enabled=\u00bboff\u00bb button_two_bg_color__hover_enabled=\u00bboff\u00bb]+ stop &amp; reanudar<br \/>\n+ en cualquier lugar en l\u00ednea<br \/>\n+ premio mayor de la rueda de la fortuna<br \/>\n+ certificado una vez completado[\/et_pb_pricing_table][et_pb_pricing_table title=\u00bbEspecial grupal\u00bb subtitle=\u00bbpara 10 o m\u00e1s entrenamientos\u00bb currency=\u00bb$\u00bb per=\u00bbformaci\u00f3n\u00bb sum=\u00bb45&#8243; button_url=\u00bb\/?page_id=2554&#8243; _builder_version=\u00bb3.29.1&#8243; button_text_size__hover_enabled=\u00bboff\u00bb button_one_text_size__hover_enabled=\u00bboff\u00bb button_two_text_size__hover_enabled=\u00bboff\u00bb button_text_color__hover_enabled=\u00bboff\u00bb button_one_text_color__hover_enabled=\u00bboff\u00bb button_two_text_color__hover_enabled=\u00bboff\u00bb button_border_width__hover_enabled=\u00bboff\u00bb button_one_border_width__hover_enabled=\u00bboff\u00bb button_two_border_width__hover_enabled=\u00bboff\u00bb button_border_color__hover_enabled=\u00bboff\u00bb button_one_border_color__hover_enabled=\u00bboff\u00bb button_two_border_color__hover_enabled=\u00bboff\u00bb button_border_radius__hover_enabled=\u00bboff\u00bb button_one_border_radius__hover_enabled=\u00bboff\u00bb button_two_border_radius__hover_enabled=\u00bboff\u00bb button_letter_spacing__hover_enabled=\u00bboff\u00bb button_one_letter_spacing__hover_enabled=\u00bboff\u00bb button_two_letter_spacing__hover_enabled=\u00bboff\u00bb button_bg_color__hover_enabled=\u00bboff\u00bb button_one_bg_color__hover_enabled=\u00bboff\u00bb button_two_bg_color__hover_enabled=\u00bboff\u00bb]+ stop &amp; amp; reanudar<br \/>\n+ en cualquier lugar en l\u00ednea<br \/>\n+ premio mayor de la rueda de la fortuna<br \/>\n+ certificado una vez completado[\/et_pb_pricing_table][\/et_pb_pricing_tables][\/et_pb_column][\/et_pb_row][\/et_pb_section][et_pb_section fb_built=\u00bb1&#8243; _builder_version=\u00bb3.24.1&#8243; custom_padding=\u00bb0px||17px|||\u00bb global_module=\u00bb2508&#8243;][et_pb_row column_structure=\u00bb3_4,1_4&#8243; _builder_version=\u00bb3.25&#8243;][et_pb_column type=\u00bb3_4&#8243; _builder_version=\u00bb3.25&#8243; custom_padding=\u00bb|||\u00bb custom_padding__hover=\u00bb|||\u00bb][et_pb_text _builder_version=\u00bb3.27.4&#8243; text_font=\u00bb||||||||\u00bb header_font=\u00bb||||||||\u00bb header_3_font=\u00bb||||||||\u00bb header_3_text_align=\u00bbright\u00bb custom_padding=\u00bb20px||\u00bb]<\/p>\n<h3>\u00a1Cumple ahora!<\/h3>\n<p>[\/et_pb_text][\/et_pb_column][et_pb_column type=\u00bb1_4&#8243; _builder_version=\u00bb3.25&#8243; custom_padding=\u00bb|||\u00bb custom_padding__hover=\u00bb|||\u00bb][et_pb_button button_text=\u00bbReg\u00edstrate\u00bb button_alignment=\u00bbright\u00bb _builder_version=\u00bb3.24.1&#8243; custom_button=\u00bbon\u00bb button_text_color=\u00bb#ffffff\u00bb button_bg_color=\u00bb#43a51c\u00bb button_border_radius=\u00bb6px\u00bb button_font=\u00bb||||||||\u00bb button_icon=\u00bb%%32%%\u00bb button_on_hover=\u00bboff\u00bb animation_style=\u00bbslide\u00bb animation_direction=\u00bbright\u00bb animation_duration_tablet=\u00bb\u00bb animation_duration_phone=\u00bb\u00bb animation_duration_last_edited=\u00bbon|desktop\u00bb custom_css_main_element=\u00bbwidth:100%; text-align:center;\u00bb][\/et_pb_button][\/et_pb_column][\/et_pb_row][\/et_pb_section][et_pb_section fb_built=\u00bb1&#8243; _builder_version=\u00bb3.22.3&#8243;][et_pb_row _builder_version=\u00bb3.25&#8243; background_size=\u00bbinitial\u00bb background_position=\u00bbtop_left\u00bb background_repeat=\u00bbrepeat\u00bb][et_pb_column type=\u00bb4_4&#8243; _builder_version=\u00bb3.25&#8243; custom_padding=\u00bb|||\u00bb custom_padding__hover=\u00bb|||\u00bb][et_pb_text _builder_version=\u00bb3.27.4&#8243; background_size=\u00bbinitial\u00bb background_position=\u00bbtop_left\u00bb background_repeat=\u00bbrepeat\u00bb text_orientation=\u00bbcenter\u00bb module_alignment=\u00bbcenter\u00bb]<\/p>\n<h1>Lo que dicen nuestros clientes<\/h1>\n<p>\u00a1No se lo quite, deje que nuestros clientes hablen!<br \/>\n[\/et_pb_text][\/et_pb_column][\/et_pb_row][et_pb_row _builder_version=\u00bb3.25&#8243; background_size=\u00bbinitial\u00bb background_position=\u00bbtop_left\u00bb background_repeat=\u00bbrepeat\u00bb column_structure=\u00bb1_3,1_3,1_3&#8243;][et_pb_column type=\u00bb1_3&#8243; _builder_version=\u00bb3.25&#8243; custom_padding=\u00bb|||\u00bb custom_padding__hover=\u00bb|||\u00bb][et_pb_testimonial author=\u00bbRichard W., Director of M&amp;amp;O Elmonte School District\u00bb portrait_url=\u00bbhttp:\/\/haztrainer.com\/wp-content\/uploads\/2019\/06\/icons8-administrator-male-64.png\u00bb quote_icon=\u00bboff\u00bb _builder_version=\u00bb3.24.1&#8243; background_color=\u00bb#f7f7f7&#8243; background_size=\u00bbinitial\u00bb background_position=\u00bbtop_left\u00bb background_repeat=\u00bbrepeat\u00bb]<big> Los alumnos se pegaron a la pantalla durante todo el curso <\/big>[\/et_pb_testimonial][\/et_pb_column][et_pb_column type=\u00bb1_3&#8243; _builder_version=\u00bb3.25&#8243; custom_padding=\u00bb|||\u00bb custom_padding__hover=\u00bb|||\u00bb][et_pb_testimonial author=\u00bbGuy C., custodian, Sacramento City College\u00bb portrait_url=\u00bbhttp:\/\/haztrainer.com\/wp-content\/uploads\/2019\/06\/icons8-user-64.png\u00bb quote_icon=\u00bboff\u00bb _builder_version=\u00bb3.24.1&#8243; background_color=\u00bb#f7f7f7&#8243; background_size=\u00bbinitial\u00bb background_position=\u00bbtop_left\u00bb background_repeat=\u00bbrepeat\u00bb]<big> He pasado por OSHA y el entrenamiento de moldes y esto fue fant\u00e1stico <\/big>[\/et_pb_testimonial][\/et_pb_column][et_pb_column type=\u00bb1_3&#8243; _builder_version=\u00bb3.25&#8243; custom_padding=\u00bb|||\u00bb custom_padding__hover=\u00bb|||\u00bb][et_pb_testimonial author=\u00bbCustodial Supervisor, Michael C., Sacramento City College\u00bb portrait_url=\u00bbhttp:\/\/haztrainer.com\/wp-content\/uploads\/2019\/06\/icons8-administrator-male-64.png\u00bb quote_icon=\u00bboff\u00bb _builder_version=\u00bb3.24.1&#8243; background_color=\u00bb#f7f7f7&#8243; background_size=\u00bbinitial\u00bb background_position=\u00bbtop_left\u00bb background_repeat=\u00bbrepeat\u00bb]<big> I am very Impressed with the system <\/big>[\/et_pb_testimonial][\/et_pb_column][\/et_pb_row][\/et_pb_section][et_pb_section fb_built=\u00bb1&#8243; _builder_version=\u00bb3.22.3&#8243; background_color=\u00bb#f7f7f7&#8243;][et_pb_row _builder_version=\u00bb3.25&#8243; column_structure=\u00bb1_6,1_6,1_6,1_6,1_6,1_6&#8243;][et_pb_column type=\u00bb1_6&#8243; _builder_version=\u00bb3.25&#8243; custom_padding=\u00bb|||\u00bb custom_padding__hover=\u00bb|||\u00bb][et_pb_image src=\u00bbhttp:\/\/haztrainer.com\/wp-content\/uploads\/2019\/06\/url.jpg\u00bb _builder_version=\u00bb3.24.1&#8243;][\/et_pb_image][\/et_pb_column][et_pb_column type=\u00bb1_6&#8243; _builder_version=\u00bb3.25&#8243; custom_padding=\u00bb|||\u00bb custom_padding__hover=\u00bb|||\u00bb][et_pb_image src=\u00bbhttp:\/\/haztrainer.com\/wp-content\/uploads\/2019\/06\/logo_ucla.jpg\u00bb _builder_version=\u00bb3.24.1&#8243;][\/et_pb_image][\/et_pb_column][et_pb_column type=\u00bb1_6&#8243; _builder_version=\u00bb3.25&#8243; custom_padding=\u00bb|||\u00bb custom_padding__hover=\u00bb|||\u00bb][et_pb_image src=\u00bbhttp:\/\/haztrainer.com\/wp-content\/uploads\/2019\/06\/omi-logo-n.png\u00bb _builder_version=\u00bb3.24.1&#8243;][\/et_pb_image][\/et_pb_column][et_pb_column type=\u00bb1_6&#8243; _builder_version=\u00bb3.25&#8243; custom_padding=\u00bb|||\u00bb custom_padding__hover=\u00bb|||\u00bb][et_pb_image src=\u00bbhttp:\/\/haztrainer.com\/wp-content\/uploads\/2019\/06\/imgres.png\u00bb _builder_version=\u00bb3.24.1&#8243;][\/et_pb_image][\/et_pb_column][et_pb_column type=\u00bb1_6&#8243; _builder_version=\u00bb3.25&#8243; custom_padding=\u00bb|||\u00bb custom_padding__hover=\u00bb|||\u00bb][et_pb_image src=\u00bbhttp:\/\/haztrainer.com\/wp-content\/uploads\/2019\/06\/Alaska-DOT.jpg\u00bb _builder_version=\u00bb3.24.1&#8243;][\/et_pb_image][\/et_pb_column][et_pb_column type=\u00bb1_6&#8243; _builder_version=\u00bb3.25&#8243; custom_padding=\u00bb|||\u00bb custom_padding__hover=\u00bb|||\u00bb][et_pb_image src=\u00bbhttp:\/\/haztrainer.com\/wp-content\/uploads\/2019\/06\/Navy-Logo.jpg\u00bb _builder_version=\u00bb3.24.1&#8243;][\/et_pb_image][\/et_pb_column][\/et_pb_row][\/et_pb_section][et_pb_section fb_built=\u00bb1&#8243; inner_shadow=\u00bbon\u00bb _builder_version=\u00bb3.24.1&#8243; background_color=\u00bb#2ea3f2&#8243; use_background_color_gradient=\u00bbon\u00bb background_color_gradient_start=\u00bb#0359a0&#8243; background_color_gradient_end=\u00bb#2e6df4&#8243; background_color_gradient_direction=\u00bb330deg\u00bb custom_margin=\u00bb||-27px\u00bb link_option_url=\u00bb\/contact-us\/\u00bb][et_pb_row _builder_version=\u00bb3.25&#8243; background_size=\u00bbinitial\u00bb background_position=\u00bbtop_left\u00bb background_repeat=\u00bbrepeat\u00bb][et_pb_column type=\u00bb4_4&#8243; _builder_version=\u00bb3.25&#8243; custom_padding=\u00bb|||\u00bb custom_padding__hover=\u00bb|||\u00bb][et_pb_cta title=\u00bb\u00bfA\u00fan tienes preguntas?\u00bb button_url=\u00bb\/contact\/\u00bb button_text=\u00bbPonerse en contacto\u00bb _builder_version=\u00bb3.24.1&#8243; use_background_color=\u00bboff\u00bb background_size=\u00bbinitial\u00bb background_position=\u00bbtop_left\u00bb background_repeat=\u00bbrepeat\u00bb button_text_size__hover_enabled=\u00bboff\u00bb button_one_text_size__hover_enabled=\u00bboff\u00bb button_two_text_size__hover_enabled=\u00bboff\u00bb button_text_color__hover_enabled=\u00bboff\u00bb button_one_text_color__hover_enabled=\u00bboff\u00bb button_two_text_color__hover_enabled=\u00bboff\u00bb button_border_width__hover_enabled=\u00bboff\u00bb button_one_border_width__hover_enabled=\u00bboff\u00bb button_two_border_width__hover_enabled=\u00bboff\u00bb button_border_color__hover_enabled=\u00bboff\u00bb button_one_border_color__hover_enabled=\u00bboff\u00bb button_two_border_color__hover_enabled=\u00bboff\u00bb button_border_radius__hover_enabled=\u00bboff\u00bb button_one_border_radius__hover_enabled=\u00bboff\u00bb button_two_border_radius__hover_enabled=\u00bboff\u00bb button_letter_spacing__hover_enabled=\u00bboff\u00bb button_one_letter_spacing__hover_enabled=\u00bboff\u00bb button_two_letter_spacing__hover_enabled=\u00bboff\u00bb button_bg_color__hover_enabled=\u00bboff\u00bb button_one_bg_color__hover_enabled=\u00bboff\u00bb button_two_bg_color__hover_enabled=\u00bboff\u00bb]If we didn&#8217;t answer all of your questions, feel free to drop us a line anytime.[\/et_pb_cta][\/et_pb_column][\/et_pb_row][\/et_pb_section]<\/p>\n","protected":false},"excerpt":{"rendered":"<p>Se debe proporcionar capacitaci\u00f3n anual de\u00a0Capacitaci\u00f3n anual de 2 horas sobre la concientizaci\u00f3n acerca del asbesto\u00a0en espa\u00f1ol\u00a0a los empleados de clase IV seg\u00fan los requisitos de OSHA 1926.1101 (K). Estos empleados pueden entrar en contacto con el asbesto (ACM o PACM), o limpiar las habitaciones despu\u00e9s de un proyecto de reducci\u00f3n, pero no est\u00e1n capacitados [&hellip;]<\/p>\n","protected":false},"featured_media":1938,"comment_status":"open","ping_status":"closed","template":"","meta":{"_et_pb_use_builder":"on","_et_pb_old_content":"United States, United Kingdom and International: Official 2 Hour Asbestos Awareness Training forOSHA Category IV Worker and AHERA-Online available 24\/7. Start, stop, and return for 2 weeks-Reviewed by California OSHA (Strictest national standard)-For Construction, Maintenance, Custodial and Industrial-Printable Certificate emailed upon completionOSHA Regulations and AHERA require the following topics:<ul> \t<li>Sources, Forms and Uses<\/li> \t<li>Exposure Health Effects<\/li> \t<li>Asbestos Regulations<\/li> \t<li>Conditions and Concerns<\/li> \t<li>Management and Exposure Prevention<\/li><\/ul>Username(s) and password(s) e-mailed to you soon after signing up. Call 661-822-8762 for help.This training requires to have flash installed and may not work on a tablet.Group Discount: Every tenth training FREE! Call for additional corporate incentives.","_et_gb_content_width":""},"product_brand":[],"product_cat":[62],"product_tag":[],"class_list":{"0":"post-24114","1":"product","2":"type-product","3":"status-publish","4":"has-post-thumbnail","6":"product_cat-entrenamiento-de-2-horas-de-concientizacion-del-asbesto","8":"first","9":"instock","10":"purchasable","11":"product-type-simple"},"_links":{"self":[{"href":"https:\/\/haztrainer.com\/es\/wp-json\/wp\/v2\/product\/24114","targetHints":{"allow":["GET"]}}],"collection":[{"href":"https:\/\/haztrainer.com\/es\/wp-json\/wp\/v2\/product"}],"about":[{"href":"https:\/\/haztrainer.com\/es\/wp-json\/wp\/v2\/types\/product"}],"replies":[{"embeddable":true,"href":"https:\/\/haztrainer.com\/es\/wp-json\/wp\/v2\/comments?post=24114"}],"wp:featuredmedia":[{"embeddable":true,"href":"https:\/\/haztrainer.com\/es\/wp-json\/wp\/v2\/media\/1938"}],"wp:attachment":[{"href":"https:\/\/haztrainer.com\/es\/wp-json\/wp\/v2\/media?parent=24114"}],"wp:term":[{"taxonomy":"product_brand","embeddable":true,"href":"https:\/\/haztrainer.com\/es\/wp-json\/wp\/v2\/product_brand?post=24114"},{"taxonomy":"product_cat","embeddable":true,"href":"https:\/\/haztrainer.com\/es\/wp-json\/wp\/v2\/product_cat?post=24114"},{"taxonomy":"product_tag","embeddable":true,"href":"https:\/\/haztrainer.com\/es\/wp-json\/wp\/v2\/product_tag?post=24114"}],"curies":[{"name":"wp","href":"https:\/\/api.w.org\/{rel}","templated":true}]}}